{"id":12,"date":"2025-05-22T07:15:39","date_gmt":"2025-05-22T07:15:39","guid":{"rendered":"https:\/\/casinotop10pt.com\/?page_id=12"},"modified":"2025-05-22T14:48:36","modified_gmt":"2025-05-22T14:48:36","slug":"home","status":"publish","type":"page","link":"https:\/\/casinotop10pt.com\/","title":{"rendered":"Home"},"content":{"rendered":"\n<div class=\"intro-section\" style=\"background-color: #EBE9E1; padding: 20px; border-radius: 8px;\">\n  <div class=\"intro-header\" style=\"text-align: center; margin-bottom: 20px;\">\n    <img decoding=\"async\" src=\"https:\/\/casinotop10pt.com\/wp-content\/uploads\/2025\/05\/portugal_8603589.png\" alt=\"Bandeira de Portugal\" class=\"flag-icon\" style=\"height: 32px; vertical-align: middle;\">\n    <h2 style=\"font-family: 'Playfair Display', serif; font-size: 2.2rem; font-weight: 600;\">\n      <span style=\"color: #E43D12;\">OS MELHORES<\/span>\n      <span style=\"color: #D6536D;\">CASINOS ONLINE EM PORTUGAL 2025<\/span>\n    <\/h2>\n  <\/div>\n\n  <p style=\"font-size: 16px; line-height: 1.6; max-width: 900px; margin: 0 auto; color: #1c2232; text-align: center;\">\n    Bem-vindo ao seu guia definitivo dos melhores casinos online dispon\u00edveis em Portugal!\n    Todos os sites que recomendamos est\u00e3o 100% licenciados e regulados pelo\n    <a href=\"https:\/\/www.srij.turismodeportugal.pt\/\" target=\"_blank\" style=\"color: #D6536D; text-decoration: underline;\">\n      SRIJ<\/a> (Servi\u00e7o de Regula\u00e7\u00e3o e Inspe\u00e7\u00e3o de Jogos), garantindo um ambiente de jogo seguro, transparente e justo.\n    Explore uma experi\u00eancia premium, com pagamentos r\u00e1pidos, b\u00f3nus generosos e jogos de alta qualidade.\n    <strong>Jogue com responsabilidade<\/strong>. Se precisar de apoio, contacte a\n    <a href=\"https:\/\/www.linhasaude.pt\/\" target=\"_blank\" style=\"color: #D6536D; text-decoration: underline;\">\n      Linha de Sa\u00fade<\/a>.\n  <\/p>\n\n  <!-- Feature List -->\n  <div class=\"features\" style=\"display: flex; flex-direction: column; gap: 14px; font-weight: 500; justify-content: center; align-items: center; margin-top: 30px;\">\n    <div style=\"display: flex; align-items: center; gap: 12px; background-color: rgba(255, 255, 255, 0.3); padding: 12px 20px; border-radius: 10px; transition: background 0.3s ease; color: #1c2232;\">\n      <svg xmlns=\"http:\/\/www.w3.org\/2000\/svg\" class=\"icon\" fill=\"none\" viewBox=\"0 0 24 24\" stroke=\"#EFB11D\" width=\"24\" height=\"24\">\n        <path stroke-linecap=\"round\" stroke-linejoin=\"round\" stroke-width=\"2\" d=\"M9 12l2 2l4 -4\" \/>\n        <circle cx=\"12\" cy=\"12\" r=\"10\" stroke=\"#EFB11D\" stroke-width=\"2\" fill=\"none\" \/>\n      <\/svg>\n      Aceita Jogadores Portugueses\n    <\/div>\n    <div style=\"display: flex; align-items: center; gap: 12px; background-color: rgba(255, 255, 255, 0.3); padding: 12px 20px; border-radius: 10px; transition: background 0.3s ease; color: #1c2232;\">\n      <svg xmlns=\"http:\/\/www.w3.org\/2000\/svg\" class=\"icon\" fill=\"none\" viewBox=\"0 0 24 24\" stroke=\"#EFB11D\" width=\"24\" height=\"24\">\n        <rect x=\"2\" y=\"7\" width=\"20\" height=\"10\" rx=\"2\" stroke-width=\"2\" stroke=\"#EFB11D\" fill=\"none\" \/>\n        <line x1=\"6\" y1=\"11\" x2=\"6\" y2=\"11\" stroke-width=\"2\" stroke=\"#EFB11D\" \/>\n      <\/svg>\n      Pagamentos R\u00e1pidos e Seguros\n    <\/div>\n    <div style=\"display: flex; align-items: center; gap: 12px; background-color: rgba(255, 255, 255, 0.3); padding: 12px 20px; border-radius: 10px; transition: background 0.3s ease; color: #1c2232;\">\n      <svg xmlns=\"http:\/\/www.w3.org\/2000\/svg\" class=\"icon\" fill=\"none\" viewBox=\"0 0 24 24\" stroke=\"#EFB11D\" width=\"24\" height=\"24\">\n        <path stroke-linecap=\"round\" stroke-linejoin=\"round\" stroke-width=\"2\" d=\"M9 12h6M9 16h4M5 7h14l1 2v12a1 1 0 01-1 1H5a1 1 0 01-1-1V9z\" \/>\n      <\/svg>\n      100% Legal e Certificado pelo SRIJ\n    <\/div>\n\n  <\/div>\n<\/div>\n\n\n\n<div class=\"comparison-container\">\n  <div class=\"comparison-header\">\n    <div>WEBSITE<\/div>\n    <div>B\u00d3NUS<\/div>\n    <div>VOTOS<\/div>\n    <div>PONTUA\u00c7\u00c3O<\/div>\n    <div>JOGAR<\/div>\n  <\/div>\n\n  <div class=\"comparison-row\">\n    <div class=\"logo\"><img decoding=\"async\" src=\"https:\/\/casinotop10pt.com\/wp-content\/uploads\/2025\/05\/888casinologo-pc.svg\" alt=\"888casino\"><\/div>\n    <div class=\"bonus\"><strong>B\u00f3nus at\u00e9 200\u20ac em apostas gr\u00e1tis<\/strong><\/div>\n    <div class=\"votes\">\ud83d\udc65 <em>10.350 votos<\/em><\/div>\n    <div class=\"score\">\u2b50 9.8<\/div>\n    <div><a href=\"http:\/\/95.179.245.164\/2sgbQj\" target=\"_blank\" class=\"btn\">Jogar Agora<\/a><\/div>\n  <\/div>\n\n  <div class=\"comparison-row\">\n    <div class=\"logo\"><img decoding=\"async\" src=\"https:\/\/casinotop10pt.com\/wp-content\/uploads\/2025\/05\/nossa-aposta-250x90-logo.webp\" alt=\"Nossaaposta\"><\/div>\n    <div class=\"bonus\"><strong>B\u00f3nus de boas-vindas at\u00e9 150\u20ac<\/strong><\/div>\n    <div class=\"votes\">\ud83d\udc65 <em>10.250 votos<\/em><\/div>\n    <div class=\"score\">\u2b50 9.7<\/div>\n    <div><a href=\"http:\/\/95.179.245.164\/1Fn6C5\" target=\"_blank\" class=\"btn\">Jogar Agora<\/a><\/div>\n  <\/div>\n\n  <div class=\"comparison-row\">\n    <div class=\"logo\"><img decoding=\"async\" src=\"https:\/\/casinotop10pt.com\/wp-content\/uploads\/2025\/05\/logo-bacana-play.webp\" alt=\"Bacana\"><\/div>\n    <div class=\"bonus\"><strong>Receba at\u00e9 100\u20ac ao registar-se<\/strong><\/div>\n    <div class=\"votes\">\ud83d\udc65 <em>7.777 votos<\/em><\/div>\n    <div class=\"score\">\u2b50 9.2<\/div>\n    <div><a href=\"http:\/\/95.179.245.164\/fFWqF9\" target=\"_blank\" class=\"btn\">Jogar Agora<\/a><\/div>\n  <\/div>\n<\/div>\n\n\n\n<section class=\"homepage-faq\">\n  <div class=\"faq-container\">\n    <h2>Como escolher os melhores sites de casino<\/h2>\n    <p>No <strong>casinotop10pt<\/strong>, selecionamos cuidadosamente os sites de casino mais confi\u00e1veis e de excel\u00eancia para garantir aos nossos utilizadores uma experi\u00eancia de jogo de alto n\u00edvel.<\/p>\n\n    <div class=\"faq-item\">\n      <button class=\"faq-question\">\n        Qual \u00e9 o melhor casino para jogar neste momento?\n        <span class=\"faq-icon\">\u203a<\/span>\n      <\/button>\n      <div class=\"faq-answer\">\n        <p>A nossa principal escolha! Reconhecido pela sua interface de utilizador de excel\u00eancia e \u00f3timas op\u00e7\u00f5es de pagamento.<\/p>\n      <\/div>\n    <\/div>\n\n    <div class=\"faq-item\">\n      <button class=\"faq-question\">\n        Quais m\u00e9todos de pagamento est\u00e3o dispon\u00edveis?\n        <span class=\"faq-icon\">\u203a<\/span>\n      <\/button>\n      <div class=\"faq-answer\">\n        <p>Os casinos apresentados na nossa plataforma oferecem uma variedade de m\u00e9todos de pagamento, cuja disponibilidade pode variar de um casino para outro.<\/p>\n      <\/div>\n    <\/div>\n\n    <div class=\"faq-item\">\n      <button class=\"faq-question\">\n        As recomenda\u00e7\u00f5es da vossa plataforma s\u00e3o confi\u00e1veis?\n        <span class=\"faq-icon\">\u203a<\/span>\n      <\/button>\n      <div class=\"faq-answer\">\n        <p>Absolutamente, pode confiar nas nossas recomenda\u00e7\u00f5es. A nossa equipa de especialistas avalia cuidadosamente cada casino com base em crit\u00e9rios rigorosos como licenciamento, seguran\u00e7a, sele\u00e7\u00e3o de jogos, atendimento ao cliente e avalia\u00e7\u00f5es de utilizadores. O nosso objetivo \u00e9 proporcionar uma experi\u00eancia de jogo online segura e agrad\u00e1vel para todos os nossos utilizadores.<\/p>\n      <\/div>\n    <\/div>\n  <\/div>\n<\/section>\n\n<style>\n  .homepage-faq {\n    background: #EBE9E1;\n    padding: 50px 20px;\n    color: #1c2232;\n    font-family: 'Poppins', sans-serif;\n  }\n\n  .faq-container {\n    max-width: 900px;\n    margin: 0 auto;\n  }\n\n  .faq-container h2 {\n    font-family: 'Playfair Display', serif;\n    font-size: 2rem;\n    color: #E43D12;\n    margin-bottom: 20px;\n    text-align: center;\n  }\n\n  .faq-container p {\n    font-size: 1rem;\n    margin-bottom: 20px;\n    line-height: 1.6;\n  }\n\n  .faq-item {\n    margin-bottom: 15px;\n    border-radius: 8px;\n    overflow: hidden;\n    border: 1px solid #D6D3D1;\n    background-color: #fff;\n  }\n\n  .faq-question {\n    width: 100%;\n    text-align: left;\n    padding: 15px 20px;\n    font-size: 1rem;\n    font-weight: 600;\n    background-color: #EFB11D;\n    color: #1c2232;\n    border: none;\n    cursor: pointer;\n    transition: background 0.3s ease;\n    display: flex;\n    justify-content: space-between;\n    align-items: center;\n  }\n\n  .faq-question:hover {\n    background-color: #D6536D;\n    color: #ffffff;\n  }\n\n  .faq-icon {\n    font-size: 1.4rem;\n    margin-left: 10px;\n    transition: transform 0.3s ease;\n  }\n\n  .faq-question.active .faq-icon {\n    transform: rotate(90deg);\n  }\n\n  .faq-answer {\n    padding: 15px 20px;\n    display: none;\n    background-color: #fff;\n    border-top: 1px solid #ddd;\n  }\n\n  .faq-answer p {\n    margin: 0;\n  }\n\n  @media (max-width: 600px) {\n    .faq-question {\n      font-size: 0.95rem;\n    }\n\n    .faq-container h2 {\n      font-size: 1.6rem;\n    }\n  }\n<\/style>\n\n<script>\n  document.querySelectorAll('.faq-question').forEach(btn => {\n    btn.addEventListener('click', () => {\n      btn.classList.toggle('active');\n      const answer = btn.nextElementSibling;\n      const icon = btn.querySelector('.faq-icon');\n      if (btn.classList.contains('active')) {\n        answer.style.display = \"block\";\n        icon.textContent = \"\u02c5\";\n      } else {\n        answer.style.display = \"none\";\n        icon.textContent = \"\u203a\";\n      }\n    });\n  });\n<\/script>\n","protected":false},"excerpt":{"rendered":"<p>OS MELHORES CASINOS ONLINE EM PORTUGAL 2025 Bem-vindo ao seu guia definitivo dos melhores casinos online dispon\u00edveis em Portugal! Todos os sites que recomendamos est\u00e3o 100% licenciados e regulados pelo SRIJ (Servi\u00e7o de Regula\u00e7\u00e3o e Inspe\u00e7\u00e3o de Jogos), garantindo um ambiente de jogo seguro, transparente e justo. Explore uma experi\u00eancia premium, com pagamentos r\u00e1pidos, b\u00f3nus&#8230;<\/p>\n","protected":false},"author":1,"featured_media":0,"parent":0,"menu_order":0,"comment_status":"closed","ping_status":"closed","template":"","meta":{"_kad_post_transparent":"disable","_kad_post_title":"hide","_kad_post_layout":"fullwidth","_kad_post_sidebar_id":"","_kad_post_content_style":"unboxed","_kad_post_vertical_padding":"","_kad_post_feature":"","_kad_post_feature_position":"","_kad_post_header":true,"_kad_post_footer":true,"footnotes":""},"class_list":["post-12","page","type-page","status-publish","hentry"],"_links":{"self":[{"href":"https:\/\/casinotop10pt.com\/index.php?rest_route=\/wp\/v2\/pages\/12","targetHints":{"allow":["GET"]}}],"collection":[{"href":"https:\/\/casinotop10pt.com\/index.php?rest_route=\/wp\/v2\/pages"}],"about":[{"href":"https:\/\/casinotop10pt.com\/index.php?rest_route=\/wp\/v2\/types\/page"}],"author":[{"embeddable":true,"href":"https:\/\/casinotop10pt.com\/index.php?rest_route=\/wp\/v2\/users\/1"}],"replies":[{"embeddable":true,"href":"https:\/\/casinotop10pt.com\/index.php?rest_route=%2Fwp%2Fv2%2Fcomments&post=12"}],"version-history":[{"count":5,"href":"https:\/\/casinotop10pt.com\/index.php?rest_route=\/wp\/v2\/pages\/12\/revisions"}],"predecessor-version":[{"id":95,"href":"https:\/\/casinotop10pt.com\/index.php?rest_route=\/wp\/v2\/pages\/12\/revisions\/95"}],"wp:attachment":[{"href":"https:\/\/casinotop10pt.com\/index.php?rest_route=%2Fwp%2Fv2%2Fmedia&parent=12"}],"curies":[{"name":"wp","href":"https:\/\/api.w.org\/{rel}","templated":true}]}}